{"id":5815,"date":"2016-08-29T14:45:34","date_gmt":"2016-08-29T12:45:34","guid":{"rendered":"http:\/\/stones.com.pl\/?page_id=5815"},"modified":"2017-03-28T13:59:04","modified_gmt":"2017-03-28T11:59:04","slug":"kamien-elewacyjny-sprawdzona-metoda-i-ponadczasowa-elegancja","status":"publish","type":"page","link":"https:\/\/stones.com.pl\/fr\/kamien-elewacyjny\/","title":{"rendered":"Kamie\u0144 elewacyjny \u2013 sprawdzona metoda i ponadczasowa elegancja"},"content":{"rendered":"<p>Kamie\u0144 elewacyjny to doskona\u0142e rozwi\u0105zanie dla domk\u00f3w jedno- i wielorodzinnych oraz innych obiekt\u00f3w budowlanych. P\u0142ytki elewacyjne z kolekcji Stones opr\u00f3cz dodatkowej izolacji termicznej daj\u0105 poczucie trwa\u0142o\u015bci i solidno\u015bci, kt\u00f3re wida\u0107 ju\u017c na pierwszy rzut oka. Budynki, w kt\u00f3rych zastosowano p\u0142ytki zewn\u0119trzne przyjemnie si\u0119 wyr\u00f3\u017cniaj\u0105 swoj\u0105 estetyk\u0105 i klas\u0105, \u0142agodnie komponuj\u0105c si\u0119 zarazem z okolic\u0105 dzi\u0119ki nawi\u0105zaniu do natury. Wyb\u00f3r kamienia elewacyjnego do wyko\u0144czenia domu nada r\u00f3wnie\u017c ca\u0142emu otoczeniu harmonijny, malowniczy wyraz i podkre\u015bli Tw\u00f3j dobry styl.<\/p>\n<p>P\u0142ytki zewn\u0119trzne poprzez tr\u00f3jwymiarowo\u015b\u0107 struktury kamienia dekoracyjnego daj\u0105 idealne mo\u017cliwo\u015bci kompozycyjne i \u0142atwo je dopasowa\u0107 do innych element\u00f3w \u2013 zar\u00f3wno nowoczesnych, jak i tych inspirowanych tradycj\u0105. Dzi\u0119ki ponadczasowemu designowi, p\u0142ytki elewacyjne Stones b\u0119d\u0105 na pewno doskona\u0142ym wyborem dla Twojego domu. Coraz wi\u0119cej projekt\u00f3w budynk\u00f3w u\u017cyteczno\u015bci publicznej r\u00f3wnie\u017c uwzgl\u0119dnia zastosowanie tego uniwersalnego materia\u0142u jakim s\u0105 p\u0142ytki zewn\u0119trzne, gdy\u017c pozwalaj\u0105 one na uzyskanie efektu zr\u00f3wnowa\u017conej ca\u0142o\u015bci. Elegancja idzie tu w parze z praktycznym podej\u015bciem daj\u0105c harmonijne zestawienie. Kamie\u0144 elewacyjny, kojarz\u0105c si\u0119 z blisko\u015bci\u0105 natury, jest mi\u0142y dla oka, nie traci na aktualno\u015bci, a ponadto jest rozwi\u0105zaniem \u0142atwo dost\u0119pnym. P\u0142ytki elewacyjne nie s\u0105 k\u0142opotliwe w monta\u017cu i bardzo d\u0142ugo zachowuj\u0105 swoje walory u\u017cytkowe i estetyczne.<\/p>\n<p>Kolekcje p\u0142ytek zewn\u0119trznych Stones stanowi\u0105 precyzyjnie wybran\u0105 gam\u0119, odpowiadaj\u0105c\u0105 na potrzeby r\u00f3\u017cnych u\u017cytkownik\u00f3w. Model Sakura to p\u0142ytki g\u0142\u0119boko rze\u017abione, nowoczesne i raczej wyraziste, jednocze\u015bnie zachowuj\u0105ce walory estetyczne kamienia naturalnego. Kamie\u0144 elewacyjny w postaci p\u0142ytek Etna zachwyci Ci\u0119 z kolei efektem gry \u015bwiate\u0142 i cieni. Wybieraj\u0105c natomiast p\u0142ytki elewacyjne Semeru decydujesz si\u0119 na nieregularne kszta\u0142ty, wielobarwne i nawi\u0105zuj\u0105ce form\u0105 do naturalnych struktur rze\u017abionych czasem i dzia\u0142aniem wody.<br \/>\n<\/p>","protected":false},"excerpt":{"rendered":"<p>Kamie\u0144 elewacyjny to doskona\u0142e rozwi\u0105zanie dla domk\u00f3w jedno- i wielorodzinnych oraz innych obiekt\u00f3w budowlanych. P\u0142ytki elewacyjne z kolekcji Stones opr\u00f3cz dodatkowej izolacji termicznej daj\u0105 poczucie trwa\u0142o\u015bci i solidno\u015bci, kt\u00f3re wida\u0107 ju\u017c na pierwszy rzut oka. Budynki, w kt\u00f3rych zastosowano p\u0142ytki zewn\u0119trzne przyjemnie si\u0119 wyr\u00f3\u017cniaj\u0105 swoj\u0105 estetyk\u0105 i klas\u0105, \u0142agodnie komponuj\u0105c si\u0119 zarazem z okolic\u0105 dzi\u0119ki&#8230;<\/p>\n","protected":false},"author":3,"featured_media":0,"parent":0,"menu_order":0,"comment_status":"closed","ping_status":"closed","template":"","meta":{"footnotes":""},"acf":[],"_links":{"self":[{"href":"https:\/\/stones.com.pl\/fr\/wp-json\/wp\/v2\/pages\/5815"}],"collection":[{"href":"https:\/\/stones.com.pl\/fr\/wp-json\/wp\/v2\/pages"}],"about":[{"href":"https:\/\/stones.com.pl\/fr\/wp-json\/wp\/v2\/types\/page"}],"author":[{"embeddable":true,"href":"https:\/\/stones.com.pl\/fr\/wp-json\/wp\/v2\/users\/3"}],"replies":[{"embeddable":true,"href":"https:\/\/stones.com.pl\/fr\/wp-json\/wp\/v2\/comments?post=5815"}],"version-history":[{"count":2,"href":"https:\/\/stones.com.pl\/fr\/wp-json\/wp\/v2\/pages\/5815\/revisions"}],"predecessor-version":[{"id":6827,"href":"https:\/\/stones.com.pl\/fr\/wp-json\/wp\/v2\/pages\/5815\/revisions\/6827"}],"wp:attachment":[{"href":"https:\/\/stones.com.pl\/fr\/wp-json\/wp\/v2\/media?parent=5815"}],"curies":[{"name":"wp","href":"https:\/\/api.w.org\/{rel}","templated":true}]}}