{"id":423,"date":"2016-03-25T19:15:31","date_gmt":"2016-03-25T18:15:31","guid":{"rendered":"http:\/\/stegu.pl\/?page_id=423"},"modified":"2025-09-12T08:52:12","modified_gmt":"2025-09-12T06:52:12","slug":"dla-architekta","status":"publish","type":"page","link":"https:\/\/stones.com.pl\/fr\/pour-larchitecte\/","title":{"rendered":"Pour l&rsquo;architecte"},"content":{"rendered":"<p><\/p>\n<div style=\"text-align: justify;\">\n<p>Niels Torp, l&rsquo;un des architectes norv\u00e9giens les plus r\u00e9put\u00e9s, affirme que sa philosophie architecturale repose sur les principes de fonctionnalit\u00e9, d&rsquo;\u00e9chelle humaine et d&rsquo;int\u00e9gration sociale. Suivant sa vision, nous aspirons \u00e0 cr\u00e9er des environnements chaleureux et s\u00e9curisants, et \u00e0 cr\u00e9er des espaces qui suscitent un int\u00e9r\u00eat si captivant qu&rsquo;on a envie de les toucher. Depuis de nombreuses ann\u00e9es, notre d\u00e9partement d&rsquo;investissement collabore avec des architectes qui con\u00e7oivent des espaces urbains, des rues et des int\u00e9rieurs, dans le but de cr\u00e9er une architecture humaniste et un environnement harmonieux. Nous les accompagnons dans le choix de produits et leur adaptation aux besoins des investisseurs.<\/p>\n<p>Si nous vous inspirons pour collaborer avec nous, vous pouvez t\u00e9l\u00e9charger des mat\u00e9riaux, des textures de produits (ArchiCad, SketchUp, 3ds Max Mental Ray et Vray) et de la documentation technique en nous contactant via le formulaire de l&rsquo;onglet <a href=\"https:\/\/stones.com.pl\/fr\/kontakt\/\">Contact<\/a>.<\/p>\n<\/div>\n<p><\/p>","protected":false},"excerpt":{"rendered":"<p>Niels Torp, l&rsquo;un des architectes norv\u00e9giens les plus r\u00e9put\u00e9s, affirme que sa philosophie architecturale repose sur les principes de fonctionnalit\u00e9, d&rsquo;\u00e9chelle humaine et d&rsquo;int\u00e9gration sociale. Suivant sa vision, nous aspirons \u00e0 cr\u00e9er des environnements chaleureux et s\u00e9curisants, et \u00e0 cr\u00e9er des espaces qui suscitent un int\u00e9r\u00eat si captivant qu&rsquo;on a envie de les toucher. Depuis&#8230;<\/p>\n","protected":false},"author":3,"featured_media":0,"parent":0,"menu_order":4,"comment_status":"closed","ping_status":"closed","template":"","meta":{"footnotes":""},"acf":[],"_links":{"self":[{"href":"https:\/\/stones.com.pl\/fr\/wp-json\/wp\/v2\/pages\/423"}],"collection":[{"href":"https:\/\/stones.com.pl\/fr\/wp-json\/wp\/v2\/pages"}],"about":[{"href":"https:\/\/stones.com.pl\/fr\/wp-json\/wp\/v2\/types\/page"}],"author":[{"embeddable":true,"href":"https:\/\/stones.com.pl\/fr\/wp-json\/wp\/v2\/users\/3"}],"replies":[{"embeddable":true,"href":"https:\/\/stones.com.pl\/fr\/wp-json\/wp\/v2\/comments?post=423"}],"version-history":[{"count":17,"href":"https:\/\/stones.com.pl\/fr\/wp-json\/wp\/v2\/pages\/423\/revisions"}],"predecessor-version":[{"id":10930,"href":"https:\/\/stones.com.pl\/fr\/wp-json\/wp\/v2\/pages\/423\/revisions\/10930"}],"wp:attachment":[{"href":"https:\/\/stones.com.pl\/fr\/wp-json\/wp\/v2\/media?parent=423"}],"curies":[{"name":"wp","href":"https:\/\/api.w.org\/{rel}","templated":true}]}}