{"id":24,"date":"2016-01-14T19:05:30","date_gmt":"2016-01-14T18:05:30","guid":{"rendered":"http:\/\/stegu.pl\/?page_id=24"},"modified":"2019-01-24T15:28:23","modified_gmt":"2019-01-24T14:28:23","slug":"brand","status":"publish","type":"page","link":"https:\/\/stones.com.pl\/fr\/marque\/","title":{"rendered":"Marque"},"content":{"rendered":"<p><\/p>\n<div style=\"font-size: 18px; text-align: justify;\">Depuis 2007, nous cr\u00e9ons des mat\u00e9riaux de finition des int\u00e9rieures pour les entrepreneurs priv\u00e9s et professionnels en construction. Les plaquettes en pl\u00e2tre et en b\u00e9ton constituent une solution pour la finition des murs int\u00e9rieures et des fa\u00e7ades. La vari\u00e9t\u00e9 des formes et la richesse des couleurs permettent de concevoir et d&rsquo;organiser les petits appartements ainsi que les int\u00e9rieurs spacieux des maisons individuelles ou des lofts modernes.<\/div>\n<p>&nbsp;<br \/>\n<img decoding=\"async\" class=\"size-full wp-image-4286 alignleft\" src=\"http:\/\/stones.com.pl\/wp-content\/uploads\/2016\/01\/firma_bogacice.jpg\" alt=\"firma_stones\" width=\"50%\" height=\"50%\" srcset=\"https:\/\/stones.com.pl\/wp-content\/uploads\/2016\/01\/firma_bogacice.jpg 1200w, https:\/\/stones.com.pl\/wp-content\/uploads\/2016\/01\/firma_bogacice-300x169.jpg 300w, https:\/\/stones.com.pl\/wp-content\/uploads\/2016\/01\/firma_bogacice-768x432.jpg 768w, https:\/\/stones.com.pl\/wp-content\/uploads\/2016\/01\/firma_bogacice-1024x576.jpg 1024w, https:\/\/stones.com.pl\/wp-content\/uploads\/2016\/01\/firma_bogacice-382x215.jpg 382w\" sizes=\"(max-width: 1200px) 100vw, 1200px\" \/><\/p>\n<div style=\"font-size: 16px; text-align: justify;\"><\/div>\n<p>Nos produits sont appr\u00e9ci\u00e9s par les connaisseurs du design et par les m\u00e9dias professionnels. Nous avons re\u00e7u la recommandation de \u00ab M jak Mieszkanie \u00bb d\u00e9j\u00e0 deux fois -en 2015 et 2016. La subtilit\u00e9 de la structure et des couleurs de la plaquette d\u00e9corative Siena et le mariage inspirant de la modernit\u00e9 et du classique de la plaquette Vintage \u00e0 l&rsquo;aspect de brique ont \u00e9t\u00e9 alors distingu\u00e9s. Ces deux plaquettes appartiennent \u00e0 la gamme de produits avec le joint int\u00e9gr\u00e9, caract\u00e9ris\u00e9s par une structure innovante permettant de r\u00e9aliser le montage soi-m\u00eame<\/p>\n<\/div>\n<p><\/p>","protected":false},"excerpt":{"rendered":"<p>Depuis 2007, nous cr\u00e9ons des mat\u00e9riaux de finition des int\u00e9rieures pour les entrepreneurs priv\u00e9s et professionnels en construction. Les plaquettes en pl\u00e2tre et en b\u00e9ton constituent une solution pour la finition des murs int\u00e9rieures et des fa\u00e7ades. La vari\u00e9t\u00e9 des formes et la richesse des couleurs permettent de concevoir et d&rsquo;organiser les petits appartements ainsi&#8230;<\/p>\n","protected":false},"author":11,"featured_media":5607,"parent":0,"menu_order":12,"comment_status":"closed","ping_status":"closed","template":"","meta":{"footnotes":""},"acf":[],"_links":{"self":[{"href":"https:\/\/stones.com.pl\/fr\/wp-json\/wp\/v2\/pages\/24"}],"collection":[{"href":"https:\/\/stones.com.pl\/fr\/wp-json\/wp\/v2\/pages"}],"about":[{"href":"https:\/\/stones.com.pl\/fr\/wp-json\/wp\/v2\/types\/page"}],"author":[{"embeddable":true,"href":"https:\/\/stones.com.pl\/fr\/wp-json\/wp\/v2\/users\/11"}],"replies":[{"embeddable":true,"href":"https:\/\/stones.com.pl\/fr\/wp-json\/wp\/v2\/comments?post=24"}],"version-history":[{"count":47,"href":"https:\/\/stones.com.pl\/fr\/wp-json\/wp\/v2\/pages\/24\/revisions"}],"predecessor-version":[{"id":6397,"href":"https:\/\/stones.com.pl\/fr\/wp-json\/wp\/v2\/pages\/24\/revisions\/6397"}],"wp:featuredmedia":[{"embeddable":true,"href":"https:\/\/stones.com.pl\/fr\/wp-json\/wp\/v2\/media\/5607"}],"wp:attachment":[{"href":"https:\/\/stones.com.pl\/fr\/wp-json\/wp\/v2\/media?parent=24"}],"curies":[{"name":"wp","href":"https:\/\/api.w.org\/{rel}","templated":true}]}}