{"id":1435,"date":"2016-03-30T08:58:02","date_gmt":"2016-03-30T06:58:02","guid":{"rendered":"http:\/\/stegu.pl\/?page_id=1435"},"modified":"2017-01-02T12:09:08","modified_gmt":"2017-01-02T11:09:08","slug":"instrukcje-montazu","status":"publish","type":"page","link":"https:\/\/stones.com.pl\/fr\/porady\/instructions-dinstallation\/","title":{"rendered":"Instructions d&rsquo;installation"},"content":{"rendered":"<p class=\"qtranxs-available-languages-message qtranxs-available-languages-message-fr\">D\u00e9sol\u00e9, cet article est seulement disponible en <a href=\"https:\/\/stones.com.pl\/pl\/wp-json\/wp\/v2\/pages\/1435\" class=\"qtranxs-available-language-link qtranxs-available-language-link-pl\" title=\"Polish\">Polonais<\/a> et <a href=\"https:\/\/stones.com.pl\/en\/wp-json\/wp\/v2\/pages\/1435\" class=\"qtranxs-available-language-link qtranxs-available-language-link-en\" title=\"English\">Anglais Am\u00e9ricain<\/a>.<\/p>","protected":false},"excerpt":{"rendered":"<p>D\u00e9sol\u00e9, cet article est seulement disponible en Polonais et Anglais Am\u00e9ricain.<\/p>\n","protected":false},"author":3,"featured_media":0,"parent":425,"menu_order":20,"comment_status":"closed","ping_status":"closed","template":"","meta":{"footnotes":""},"acf":[],"_links":{"self":[{"href":"https:\/\/stones.com.pl\/fr\/wp-json\/wp\/v2\/pages\/1435"}],"collection":[{"href":"https:\/\/stones.com.pl\/fr\/wp-json\/wp\/v2\/pages"}],"about":[{"href":"https:\/\/stones.com.pl\/fr\/wp-json\/wp\/v2\/types\/page"}],"author":[{"embeddable":true,"href":"https:\/\/stones.com.pl\/fr\/wp-json\/wp\/v2\/users\/3"}],"replies":[{"embeddable":true,"href":"https:\/\/stones.com.pl\/fr\/wp-json\/wp\/v2\/comments?post=1435"}],"version-history":[{"count":3,"href":"https:\/\/stones.com.pl\/fr\/wp-json\/wp\/v2\/pages\/1435\/revisions"}],"predecessor-version":[{"id":2320,"href":"https:\/\/stones.com.pl\/fr\/wp-json\/wp\/v2\/pages\/1435\/revisions\/2320"}],"up":[{"embeddable":true,"href":"https:\/\/stones.com.pl\/fr\/wp-json\/wp\/v2\/pages\/425"}],"wp:attachment":[{"href":"https:\/\/stones.com.pl\/fr\/wp-json\/wp\/v2\/media?parent=1435"}],"curies":[{"name":"wp","href":"https:\/\/api.w.org\/{rel}","templated":true}]}}