{"id":10830,"date":"2024-11-04T09:39:57","date_gmt":"2024-11-04T08:39:57","guid":{"rendered":"https:\/\/stones.com.pl\/?page_id=10830"},"modified":"2024-11-04T09:45:38","modified_gmt":"2024-11-04T08:45:38","slug":"informacje-o-produktach","status":"publish","type":"page","link":"https:\/\/stones.com.pl\/fr\/marque\/informations-sur-les-produits\/","title":{"rendered":"Informations sur les produits"},"content":{"rendered":"<p>Merci d&rsquo;avoir choisi nos produits. Nous mettons tout en \u0153uvre pour fournir \u00e0 nos clients des \u00e9l\u00e9ments d\u00e9coratifs de la plus haute qualit\u00e9. Nous souhaitons attirer votre attention sur quelques points importants relatifs \u00e0 la pr\u00e9paration, \u00e0 l&rsquo;achat et \u00e0 l&rsquo;installation afin de garantir une satisfaction maximale du r\u00e9sultat final.<\/p>\r\n\r\n\r\n\r\n<p><strong>Pr\u00e9paration des mat\u00e9riaux<\/strong>: Avant d&rsquo;installer le produit, il convient de mesurer soigneusement la zone d&rsquo;installation et de calculer avec soin la quantit\u00e9 de mat\u00e9riaux et de produits chimiques de construction n\u00e9cessaires. Dans le cas des plaquettes, il est conseill\u00e9 d&rsquo;acheter environ 10 % de mat\u00e9riau en plus afin de tenir compte des \u00e9ventuelles d\u00e9coupes au sol, au plafond et dans les angles.<\/p>\r\n\r\n\r\n\r\n<p><strong>Couleurs<\/strong>: Nos produits, tels que les pierres d\u00e9coratives et les carreaux de type brique, peuvent varier l\u00e9g\u00e8rement en termes de couleurs et de dimensions. Ces diff\u00e9rences sont dues au processus de production, qui conf\u00e8re \u00e0 chaque rev\u00eatement un caract\u00e8re naturel et unique.<\/p>\r\n\r\n\r\n\r\n<p><strong>Recommandation pour l&rsquo;achat unique<\/strong>: Afin de maintenir l&rsquo;uniformit\u00e9 des couleurs, nous recommandons d&rsquo;acheter la quantit\u00e9 n\u00e9cessaire du produit (plaquettes, panneaux rembourr\u00e9s ou lamelles) une seule fois, car Stegu sp. z o.o. n&rsquo;accepte pas les r\u00e9clamations r\u00e9sultant de diff\u00e9rences de teintes dans les lots achet\u00e9s ult\u00e9rieurement.<\/p>\r\n\r\n\r\n\r\n<p><strong>Choix et pose des panneaux rembourr\u00e9s<\/strong>: Pour obtenir un effet visuel optimal, il convient de toujours combiner des panneaux rembourr\u00e9s recouverts d&rsquo;un seul tissu ou d&rsquo;une seule collection. Avant la pose, il est recommand\u00e9 de faire un essai au sol pour v\u00e9rifier l&rsquo;esth\u00e9tique de la pose ainsi que la disposition uniforme des poils (pour les tissus en velours) ou des stries (pour les tissus en velours c\u00f4tel\u00e9).<\/p>\r\n\r\n\r\n\r\n<p><strong>V\u00e9rification avant l&rsquo;installation<\/strong>: Les produits doivent \u00eatre soigneusement v\u00e9rifi\u00e9s avant l&rsquo;installation. Stegu sp. z o.o. n&rsquo;accepte pas les r\u00e9clamations relatives \u00e0 la taille et \u00e0 la couleur des produits apr\u00e8s la pose.<\/p>\r\n\r\n\r\n\r\n<p><strong>Pr\u00e9paration du support<\/strong>: La surface sur laquelle le produit sera appliqu\u00e9 doit \u00eatre convenablement assaisonn\u00e9e, porteuse, stable, uniforme, ainsi que plane, s\u00e8che et d\u00e9barrass\u00e9e de toute impuret\u00e9 telle que peinture, agent de d\u00e9moulage ou graisse.<\/p>\r\n\r\n\r\n\r\n<p><strong>Instructions d&rsquo;installation<\/strong>: Veuillez lire les instructions figurant sur l&#8217;emballage du produit et vous conformer aux recommandations avant de proc\u00e9der \u00e0 la pose.<\/p>\r\n\r\n\r\n\r\n<p><strong>Couleurs et \u00e9clairage<\/strong>: La perception en direct des couleurs des produits peut varier en fonction de<\/p>\r\n\r\n\r\n\r\n<ul class=\"wp-block-list\">\r\n<li>de la source de lumi\u00e8re (naturelle \/ artificielle),<\/li>\r\n\r\n\r\n\r\n<li>de l&rsquo;intensit\u00e9 et de la couleur de la lumi\u00e8re (chaude \/ neutre \/ froide),<\/li>\r\n\r\n\r\n\r\n<li>de l&rsquo;angle d&rsquo;incidence de la lumi\u00e8re sur le produit.<\/li>\r\n<\/ul>\r\n\r\n\r\n\r\n<p><strong>Couleurs dans les documents imprim\u00e9s et \u00e9lectroniques<\/strong>: Les couleurs des produits pr\u00e9sent\u00e9es sur le site web, dans les m\u00e9dias sociaux et dans les catalogues ne sont donn\u00e9es qu&rsquo;\u00e0 titre d&rsquo;illustration. Tous les efforts sont faits pour reproduire fid\u00e8lement les couleurs de nos produits, mais la perception finale peut varier en fonction de la technique d&rsquo;impression utilis\u00e9e et des param\u00e8tres de l&rsquo;\u00e9cran individuel.<\/p>\r\n\r\n\r\n\r\n<p>Nous esp\u00e9rons que ces conseils vous aideront \u00e0 obtenir les meilleurs r\u00e9sultats. Nous vous remercions pour votre confiance et nous nous r\u00e9jouissons de vous accompagner dans la r\u00e9alisation de vos projets.<\/p>","protected":false},"excerpt":{"rendered":"<p>Merci d&rsquo;avoir choisi nos produits. Nous mettons tout en \u0153uvre pour fournir \u00e0 nos clients des \u00e9l\u00e9ments d\u00e9coratifs de la plus haute qualit\u00e9. Nous souhaitons attirer votre attention sur quelques points importants relatifs \u00e0 la pr\u00e9paration, \u00e0 l&rsquo;achat et \u00e0 l&rsquo;installation afin de garantir une satisfaction maximale du r\u00e9sultat final. Pr\u00e9paration des mat\u00e9riaux: Avant d&rsquo;installer&#8230;<\/p>\n","protected":false},"author":3,"featured_media":0,"parent":24,"menu_order":0,"comment_status":"closed","ping_status":"closed","template":"","meta":{"footnotes":""},"acf":[],"_links":{"self":[{"href":"https:\/\/stones.com.pl\/fr\/wp-json\/wp\/v2\/pages\/10830"}],"collection":[{"href":"https:\/\/stones.com.pl\/fr\/wp-json\/wp\/v2\/pages"}],"about":[{"href":"https:\/\/stones.com.pl\/fr\/wp-json\/wp\/v2\/types\/page"}],"author":[{"embeddable":true,"href":"https:\/\/stones.com.pl\/fr\/wp-json\/wp\/v2\/users\/3"}],"replies":[{"embeddable":true,"href":"https:\/\/stones.com.pl\/fr\/wp-json\/wp\/v2\/comments?post=10830"}],"version-history":[{"count":5,"href":"https:\/\/stones.com.pl\/fr\/wp-json\/wp\/v2\/pages\/10830\/revisions"}],"predecessor-version":[{"id":10835,"href":"https:\/\/stones.com.pl\/fr\/wp-json\/wp\/v2\/pages\/10830\/revisions\/10835"}],"up":[{"embeddable":true,"href":"https:\/\/stones.com.pl\/fr\/wp-json\/wp\/v2\/pages\/24"}],"wp:attachment":[{"href":"https:\/\/stones.com.pl\/fr\/wp-json\/wp\/v2\/media?parent=10830"}],"curies":[{"name":"wp","href":"https:\/\/api.w.org\/{rel}","templated":true}]}}