{"id":423,"date":"2016-03-25T19:15:31","date_gmt":"2016-03-25T18:15:31","guid":{"rendered":"http:\/\/stegu.pl\/?page_id=423"},"modified":"2025-09-12T08:52:12","modified_gmt":"2025-09-12T06:52:12","slug":"dla-architekta","status":"publish","type":"page","link":"https:\/\/stones.com.pl\/de\/fur-architekten\/","title":{"rendered":"F\u00fcr Architekten"},"content":{"rendered":"<p><\/p>\n<div style=\"text-align: justify;\">\n<p>Niels Torp, einer der renommiertesten Architekten Norwegens, bekennt sich dazu, dass seine Architekturphilosophie auf den Prinzipien von Funktionalit\u00e4t, menschlichem Ma\u00dfstab und sozialer Integration basiert. Getreu Niels Torps Vision streben wir danach, Umgebungen zu schaffen, die W\u00e4rme und Sicherheit ausstrahlen und R\u00e4ume so fesselnd gestalten, dass man sie ber\u00fchren m\u00f6chte. Unsere Investmentabteilung arbeitet seit vielen Jahren mit Architekten zusammen, die st\u00e4dtische R\u00e4ume, Stra\u00dfen und Innenr\u00e4ume mit dem Ziel gestalten, humanistische Architektur und ein harmonisches Umfeld f\u00fcr Menschen zu schaffen. Wir unterst\u00fctzen Architekten bei der Produktauswahl und deren Anpassung an die Bed\u00fcrfnisse des Investors.<\/p>\n<p>Wenn wir Sie zu einer Zusammenarbeit inspiriert haben, k\u00f6nnen Sie Materialien, Produkttexturen (ArchiCad, SketchUp, 3ds Max Mental Ray & Vray) und technische Dokumentation herunterladen, indem Sie uns \u00fcber das Formular im Reiter <a href=\"https:\/\/stones.com.pl\/de\/kontakt\/\">Impressum<\/a>\u00a0kontaktieren.<\/p>\n<\/div>\n<p><\/p>","protected":false},"excerpt":{"rendered":"<p>Niels Torp, einer der renommiertesten Architekten Norwegens, bekennt sich dazu, dass seine Architekturphilosophie auf den Prinzipien von Funktionalit\u00e4t, menschlichem Ma\u00dfstab und sozialer Integration basiert. Getreu Niels Torps Vision streben wir danach, Umgebungen zu schaffen, die W\u00e4rme und Sicherheit ausstrahlen und R\u00e4ume so fesselnd gestalten, dass man sie ber\u00fchren m\u00f6chte. Unsere Investmentabteilung arbeitet seit vielen Jahren&#8230;<\/p>\n","protected":false},"author":3,"featured_media":0,"parent":0,"menu_order":4,"comment_status":"closed","ping_status":"closed","template":"","meta":{"footnotes":""},"acf":[],"_links":{"self":[{"href":"https:\/\/stones.com.pl\/de\/wp-json\/wp\/v2\/pages\/423"}],"collection":[{"href":"https:\/\/stones.com.pl\/de\/wp-json\/wp\/v2\/pages"}],"about":[{"href":"https:\/\/stones.com.pl\/de\/wp-json\/wp\/v2\/types\/page"}],"author":[{"embeddable":true,"href":"https:\/\/stones.com.pl\/de\/wp-json\/wp\/v2\/users\/3"}],"replies":[{"embeddable":true,"href":"https:\/\/stones.com.pl\/de\/wp-json\/wp\/v2\/comments?post=423"}],"version-history":[{"count":14,"href":"https:\/\/stones.com.pl\/de\/wp-json\/wp\/v2\/pages\/423\/revisions"}],"predecessor-version":[{"id":10930,"href":"https:\/\/stones.com.pl\/de\/wp-json\/wp\/v2\/pages\/423\/revisions\/10930"}],"wp:attachment":[{"href":"https:\/\/stones.com.pl\/de\/wp-json\/wp\/v2\/media?parent=423"}],"curies":[{"name":"wp","href":"https:\/\/api.w.org\/{rel}","templated":true}]}}