{"id":38,"date":"2016-01-15T12:58:52","date_gmt":"2016-01-15T11:58:52","guid":{"rendered":"http:\/\/stegu.pl\/?page_id=38"},"modified":"2025-04-28T12:03:28","modified_gmt":"2025-04-28T10:03:28","slug":"contact","status":"publish","type":"page","link":"https:\/\/stones.com.pl\/de\/kontakt\/","title":{"rendered":"Impressum"},"content":{"rendered":"<p><\/p>\n<h3 style=\"min-width: 150px;\">Adresse der Firma:<\/h3>\n<table border=\"0\" width=\"100%\">\n<tbody>\n<tr>\n<td valign=\"top\"><strong>Stegu sp. z o. o.<br \/>\n<\/strong>diese vertr. d. d. Gesch\u00e4ftsf\u00fchrer Agnieszka Kossakowskaul. Dworcowa 8<br \/>\n46-024 Je\u0142owa, Polen<br \/>\ntel: +48 77 421 12 24<br \/>\nfax: +48 77 469 84 18<br \/>\n<a href=\"mailto:info.export@stegu.com\">info.export@stegu.com<\/a><strong style=\"font-family: inherit; font-size: inherit;\">USt-IdNr.<\/strong><span style=\"font-family: inherit; font-size: inherit;\">: PL9910076849<br \/>\n<\/span>eingetragen im Handelsregister des Amtsgerichtes Opole, Polen,<br \/>\nunter der KRS-Registernummer: 00001748274<\/td>\n<td valign=\"top\">\n<h3><strong>Kundendienst in Deutsch:<\/strong><\/h3>\n<p>tel. +48 77 469 84 98<br \/>\ntel. +48 77 469 84 72<\/td>\n<\/tr>\n<\/tbody>\n<\/table>\n<p><\/p>","protected":false},"excerpt":{"rendered":"<p>Adresse der Firma: Stegu sp. z o. o. diese vertr. d. d. Gesch\u00e4ftsf\u00fchrer Agnieszka Kossakowskaul. Dworcowa 8 46-024 Je\u0142owa, Polen tel: +48 77 421 12 24 fax: +48 77 469 84 18 info.export@stegu.comUSt-IdNr.: PL9910076849 eingetragen im Handelsregister des Amtsgerichtes Opole, Polen, unter der KRS-Registernummer: 00001748274 Kundendienst in Deutsch: tel. +48 77 469 84 98 tel&#8230;.<\/p>\n","protected":false},"author":11,"featured_media":0,"parent":0,"menu_order":10,"comment_status":"closed","ping_status":"closed","template":"","meta":{"footnotes":""},"acf":[],"_links":{"self":[{"href":"https:\/\/stones.com.pl\/de\/wp-json\/wp\/v2\/pages\/38"}],"collection":[{"href":"https:\/\/stones.com.pl\/de\/wp-json\/wp\/v2\/pages"}],"about":[{"href":"https:\/\/stones.com.pl\/de\/wp-json\/wp\/v2\/types\/page"}],"author":[{"embeddable":true,"href":"https:\/\/stones.com.pl\/de\/wp-json\/wp\/v2\/users\/11"}],"replies":[{"embeddable":true,"href":"https:\/\/stones.com.pl\/de\/wp-json\/wp\/v2\/comments?post=38"}],"version-history":[{"count":26,"href":"https:\/\/stones.com.pl\/de\/wp-json\/wp\/v2\/pages\/38\/revisions"}],"predecessor-version":[{"id":10877,"href":"https:\/\/stones.com.pl\/de\/wp-json\/wp\/v2\/pages\/38\/revisions\/10877"}],"wp:attachment":[{"href":"https:\/\/stones.com.pl\/de\/wp-json\/wp\/v2\/media?parent=38"}],"curies":[{"name":"wp","href":"https:\/\/api.w.org\/{rel}","templated":true}]}}