{"id":24,"date":"2016-01-14T19:05:30","date_gmt":"2016-01-14T18:05:30","guid":{"rendered":"http:\/\/stegu.pl\/?page_id=24"},"modified":"2019-01-24T15:28:23","modified_gmt":"2019-01-24T14:28:23","slug":"brand","status":"publish","type":"page","link":"https:\/\/stones.com.pl\/de\/ueber-uns\/","title":{"rendered":"\u00dcBER UNS"},"content":{"rendered":"<p><\/p>\n<div style=\"font-size: 18px; text-align: justify;\">Seit 2007 produzieren wir Wandverblender f\u00fcr Innen- und Au\u00dfenw\u00e4nde sowohl f\u00fcr kleine Modernisierungen von Privatkunden als auch f\u00fcr Gro\u00dfprojekte von Bauinvestoren. Unser breites Sortiment an Verblendern auf Gipsbasis f\u00fcr den Innenbereich\u00a0 und auf Betonbasis f\u00fcr den Innen wie f\u00fcr den Au\u00dfenbereich l\u00e4\u00dft sich vielf\u00e4ltig und individuell einsetzen.<\/div>\n<p>&nbsp;<br \/>\n<img decoding=\"async\" class=\"size-full wp-image-4286 alignleft\" src=\"http:\/\/stones.com.pl\/wp-content\/uploads\/2016\/01\/firma_bogacice.jpg\" alt=\"firma_stones\" width=\"50%\" height=\"50%\" srcset=\"https:\/\/stones.com.pl\/wp-content\/uploads\/2016\/01\/firma_bogacice.jpg 1200w, https:\/\/stones.com.pl\/wp-content\/uploads\/2016\/01\/firma_bogacice-300x169.jpg 300w, https:\/\/stones.com.pl\/wp-content\/uploads\/2016\/01\/firma_bogacice-768x432.jpg 768w, https:\/\/stones.com.pl\/wp-content\/uploads\/2016\/01\/firma_bogacice-1024x576.jpg 1024w, https:\/\/stones.com.pl\/wp-content\/uploads\/2016\/01\/firma_bogacice-382x215.jpg 382w\" sizes=\"(max-width: 1200px) 100vw, 1200px\" \/><\/p>\n<div style=\"font-size: 16px; text-align: justify;\">\n<p>Unsere Steinverblender werden von Designkennern und Branchenmedien gesch\u00e4tzt. Bereits zweimal wurden unsere Produkte pr\u00e4miert. 2015 wurde unser Verblender Siena ausgezeichnet, 2016 folgte Vintage. Beide Produkte enthalten die innovative integrierte Fuge.<\/p>\n<\/div>\n<p><\/p>","protected":false},"excerpt":{"rendered":"<p>Seit 2007 produzieren wir Wandverblender f\u00fcr Innen- und Au\u00dfenw\u00e4nde sowohl f\u00fcr kleine Modernisierungen von Privatkunden als auch f\u00fcr Gro\u00dfprojekte von Bauinvestoren. Unser breites Sortiment an Verblendern auf Gipsbasis f\u00fcr den Innenbereich\u00a0 und auf Betonbasis f\u00fcr den Innen wie f\u00fcr den Au\u00dfenbereich l\u00e4\u00dft sich vielf\u00e4ltig und individuell einsetzen. &nbsp; Unsere Steinverblender werden von Designkennern und Branchenmedien&#8230;<\/p>\n","protected":false},"author":11,"featured_media":5607,"parent":0,"menu_order":12,"comment_status":"closed","ping_status":"closed","template":"","meta":{"footnotes":""},"acf":[],"_links":{"self":[{"href":"https:\/\/stones.com.pl\/de\/wp-json\/wp\/v2\/pages\/24"}],"collection":[{"href":"https:\/\/stones.com.pl\/de\/wp-json\/wp\/v2\/pages"}],"about":[{"href":"https:\/\/stones.com.pl\/de\/wp-json\/wp\/v2\/types\/page"}],"author":[{"embeddable":true,"href":"https:\/\/stones.com.pl\/de\/wp-json\/wp\/v2\/users\/11"}],"replies":[{"embeddable":true,"href":"https:\/\/stones.com.pl\/de\/wp-json\/wp\/v2\/comments?post=24"}],"version-history":[{"count":6,"href":"https:\/\/stones.com.pl\/de\/wp-json\/wp\/v2\/pages\/24\/revisions"}],"predecessor-version":[{"id":6397,"href":"https:\/\/stones.com.pl\/de\/wp-json\/wp\/v2\/pages\/24\/revisions\/6397"}],"wp:featuredmedia":[{"embeddable":true,"href":"https:\/\/stones.com.pl\/de\/wp-json\/wp\/v2\/media\/5607"}],"wp:attachment":[{"href":"https:\/\/stones.com.pl\/de\/wp-json\/wp\/v2\/media?parent=24"}],"curies":[{"name":"wp","href":"https:\/\/api.w.org\/{rel}","templated":true}]}}