{"id":10830,"date":"2024-11-04T09:39:57","date_gmt":"2024-11-04T08:39:57","guid":{"rendered":"https:\/\/stones.com.pl\/?page_id=10830"},"modified":"2024-11-04T09:45:38","modified_gmt":"2024-11-04T08:45:38","slug":"informacje-o-produktach","status":"publish","type":"page","link":"https:\/\/stones.com.pl\/de\/ueber-uns\/informationen-zum-produkt\/","title":{"rendered":"Informationen zum Produkt"},"content":{"rendered":"<p>Vielen Dank, dass Sie sich f\u00fcr unsere Produkte entschieden haben. Wir bem\u00fchen uns, unseren Kunden dekorative Elemente von h\u00f6chster Qualit\u00e4t zu liefern. Wir m\u00f6chten Ihre Aufmerksamkeit auf einige wichtige Punkte im Zusammenhang mit der Vorbereitung, dem Kauf und der Installation lenken, um eine maximale Zufriedenheit mit dem Endergebnis zu gew\u00e4hrleisten.<\/p>\r\n\r\n\r\n\r\n<p><strong>Vorbereitung der Materialien<\/strong>: Bevor Sie das Produkt verlegen, messen Sie bitte den Verlegebereich sorgf\u00e4ltig aus und berechnen Sie genau die ben\u00f6tigte Menge an Material und Bauchemie. Beim Verblenden ist es ratsam, etwa 10 % mehr Material zu kaufen, um eventuelle Anpassungen an Boden, Decke und Ecken zu ber\u00fccksichtigen.<\/p>\r\n\r\n\r\n\r\n<p><strong>Farben<\/strong>: Unsere Produkte, wie z.\u00a0B. dekorative Steine und ziegel\u00e4hnliche Verblenden, k\u00f6nnen in Farbe und Abmessungen leicht variieren. Diese Unterschiede sind auf den Produktionsprozess zur\u00fcckzuf\u00fchren, der jedem Belag einen nat\u00fcrlichen und einzigartigen Charakter verleiht.<\/p>\r\n\r\n\r\n\r\n<p><strong>Empfehlung f\u00fcr den einmaligen Kauf<\/strong>: Um die Farbgleichheit zu erhalten, empfehlen wir, die erforderliche Menge des Produkts (Verblenden, Polsterpaneele oder Lamellen) nur einmal zu kaufen, da die Firma Stegu sp. z o.o. keine Reklamationen akzeptiert, die sich aus Farbunterschieden in sp\u00e4ter gekauften Chargen ergeben.<\/p>\r\n\r\n\r\n\r\n<p><strong>Auswahl und Verlegung von Polsterelementen<\/strong>: Um eine optimale Optik zu erzielen, kombinieren Sie immer Polsterpaneele mit einem Stoffbezug oder aus einer Kollektion. Vor der Verlegung empfehlen wir eine Probeverlegung auf dem Boden, um die \u00c4sthetik der Verlegung sowie die gleichm\u00e4\u00dfige Anordnung des Flors (bei Samtstoffen) oder der Streifen (bei Kordstoffen) zu \u00fcberpr\u00fcfen.<\/p>\r\n\r\n\r\n\r\n<p><strong>\u00dcberpr\u00fcfung vor der Verlegung<\/strong>: Die Produkte m\u00fcssen vor der Verlegung sorgf\u00e4ltig gepr\u00fcft werden. Die Firma Stegu sp. z o.o. akzeptiert keine Reklamationen bez\u00fcglich der Gr\u00f6\u00dfe und Farbe der Produkte nach der Verlegung.<\/p>\r\n\r\n\r\n\r\n<p><strong>Vorbereitung des Untergrunds<\/strong>: Der Untergrund, auf den das Produkt aufgebracht werden soll, muss entsprechend abgelagert, tragf\u00e4hig, stabil, gleichm\u00e4\u00dfig, eben, trocken und von Verunreinigungen wie Farbe, Trennmittel oder Fett gereinigt sein.<\/p>\r\n\r\n\r\n\r\n<p><strong>Verlegehinweise<\/strong>: Bitte lesen Sie vor der Verlegung die Hinweise auf der Produktverpackung und passen Sie sich den Empfehlungen an.<\/p>\r\n\r\n\r\n\r\n<p><strong>Farben vs. Beleuchtung<\/strong>: Die tats\u00e4chliche Farbwahrnehmung der Produkte kann variieren, je nach:<\/p>\r\n\r\n\r\n\r\n<ul class=\"wp-block-list\">\r\n<li style=\"list-style-type: none;\">\r\n<ul class=\"wp-block-list\">\r\n<li>der Lichtquelle (nat\u00fcrlich \/ k\u00fcnstlich),<\/li>\r\n<\/ul>\r\n<\/li>\r\n<\/ul>\r\n\r\n\r\n\r\n<ul class=\"wp-block-list\">\r\n<li style=\"list-style-type: none;\">\r\n<ul class=\"wp-block-list\">\r\n<li>der Intensit\u00e4t und Farbe des Lichts (warm \/ neutral \/ kalt),<\/li>\r\n<\/ul>\r\n<\/li>\r\n<\/ul>\r\n\r\n\r\n\r\n<ul class=\"wp-block-list\">\r\n<li style=\"list-style-type: none;\">\r\n<ul class=\"wp-block-list\">\r\n<li>dem Einfallswinkel des Lichts auf das Produkt.<\/li>\r\n<\/ul>\r\n<\/li>\r\n<\/ul>\r\n\r\n\r\n\r\n<p><strong>Farben in gedruckten und elektronischen Materialien<\/strong>: Die auf der Website, in den sozialen Medien und in Katalogen gezeigten Produktfarben dienen nur als Referenz. Wir bem\u00fchen uns, die Farben unserer Produkte originalgetreu wiederzugeben, jedoch kann die endg\u00fcltige Wahrnehmung je nach Drucktechnik und individuellen Monitoreinstellungen variieren.<\/p>\r\n\r\n\r\n\r\n<p>Wir hoffen, dass diese Tipps Ihnen helfen werden, die besten Ergebnisse zu erzielen. Wir danken Ihnen f\u00fcr Ihr Vertrauen und freuen uns darauf, Sie bei der Verwirklichung Ihrer Design-Visionen zu begleiten.<\/p>","protected":false},"excerpt":{"rendered":"<p>Vielen Dank, dass Sie sich f\u00fcr unsere Produkte entschieden haben. Wir bem\u00fchen uns, unseren Kunden dekorative Elemente von h\u00f6chster Qualit\u00e4t zu liefern. Wir m\u00f6chten Ihre Aufmerksamkeit auf einige wichtige Punkte im Zusammenhang mit der Vorbereitung, dem Kauf und der Installation lenken, um eine maximale Zufriedenheit mit dem Endergebnis zu gew\u00e4hrleisten. Vorbereitung der Materialien: Bevor Sie&#8230;<\/p>\n","protected":false},"author":3,"featured_media":0,"parent":24,"menu_order":0,"comment_status":"closed","ping_status":"closed","template":"","meta":{"footnotes":""},"acf":[],"_links":{"self":[{"href":"https:\/\/stones.com.pl\/de\/wp-json\/wp\/v2\/pages\/10830"}],"collection":[{"href":"https:\/\/stones.com.pl\/de\/wp-json\/wp\/v2\/pages"}],"about":[{"href":"https:\/\/stones.com.pl\/de\/wp-json\/wp\/v2\/types\/page"}],"author":[{"embeddable":true,"href":"https:\/\/stones.com.pl\/de\/wp-json\/wp\/v2\/users\/3"}],"replies":[{"embeddable":true,"href":"https:\/\/stones.com.pl\/de\/wp-json\/wp\/v2\/comments?post=10830"}],"version-history":[{"count":5,"href":"https:\/\/stones.com.pl\/de\/wp-json\/wp\/v2\/pages\/10830\/revisions"}],"predecessor-version":[{"id":10835,"href":"https:\/\/stones.com.pl\/de\/wp-json\/wp\/v2\/pages\/10830\/revisions\/10835"}],"up":[{"embeddable":true,"href":"https:\/\/stones.com.pl\/de\/wp-json\/wp\/v2\/pages\/24"}],"wp:attachment":[{"href":"https:\/\/stones.com.pl\/de\/wp-json\/wp\/v2\/media?parent=10830"}],"curies":[{"name":"wp","href":"https:\/\/api.w.org\/{rel}","templated":true}]}}